{"id":13939,"date":"2023-06-21T20:05:41","date_gmt":"2023-06-21T18:05:41","guid":{"rendered":"https:\/\/mertus-consulting.com\/?page_id=13939"},"modified":"2023-06-21T20:05:41","modified_gmt":"2023-06-21T18:05:41","slug":"partner","status":"publish","type":"page","link":"https:\/\/mertus-consulting.com\/en\/partner\/","title":{"rendered":"Partner"},"content":{"rendered":"\t\t<div data-elementor-type=\"wp-page\" data-elementor-id=\"13939\" class=\"elementor elementor-13939 elementor-10667\" data-elementor-settings=\"[]\">\n\t\t\t\t\t\t\t<div class=\"elementor-section-wrap\">\n\t\t\t\t\t\t\t<section class=\"elementor-section elementor-top-section elementor-element elementor-element-521a5ad elementor-section-boxed elementor-section-height-default elementor-section-height-default\" data-id=\"521a5ad\" data-element_type=\"section\">\n\t\t\t\t\t\t<div class=\"elementor-container elementor-column-gap-default\">\n\t\t\t\t\t<div class=\"elementor-column elementor-col-100 elementor-top-column elementor-element elementor-element-c8750f9\" data-id=\"c8750f9\" data-element_type=\"column\">\n\t\t\t<div class=\"elementor-widget-wrap elementor-element-populated\">\n\t\t\t\t\t\t\t\t<div class=\"elementor-element elementor-element-d76465a elementor-widget elementor-widget-heading\" data-id=\"d76465a\" data-element_type=\"widget\" data-widget_type=\"heading.default\">\n\t\t\t\t<div class=\"elementor-widget-container\">\n\t\t\t<h1 class=\"elementor-heading-title elementor-size-default\">Unsere Partner<\/h1>\t\t<\/div>\n\t\t\t\t<\/div>\n\t\t\t\t<div class=\"elementor-element elementor-element-5ed8cd8 elementor-widget-divider--view-line elementor-widget elementor-widget-divider\" data-id=\"5ed8cd8\" data-element_type=\"widget\" data-widget_type=\"divider.default\">\n\t\t\t\t<div class=\"elementor-widget-container\">\n\t\t\t\t\t<div class=\"elementor-divider\">\n\t\t\t<span class=\"elementor-divider-separator\">\n\t\t\t\t\t\t<\/span>\n\t\t<\/div>\n\t\t\t\t<\/div>\n\t\t\t\t<\/div>\n\t\t\t\t<div class=\"elementor-element elementor-element-201efea elementor-widget elementor-widget-text-editor\" data-id=\"201efea\" data-element_type=\"widget\" data-widget_type=\"text-editor.default\">\n\t\t\t\t<div class=\"elementor-widget-container\">\n\t\t\t\t\t\t\t\t<p>Mertus hat sich zum Ziel gesetzt, Freelancern den Alltag zu erleichtern und Hilfestellung an die Seite zu stellen, wo sie gebraucht wird. Um dieses Ziel zu erreichen, pflegen wir unser Netzwerk an s<span style=\"color: var( --e-global-color-text ); font-family: var( --e-global-typography-text-font-family ), Sans-serif; font-weight: var( --e-global-typography-text-font-weight ); background-color: var(--cariera-body-wrapper); letter-spacing: 0px;\">trategischen Partnern. Mit ihrer Hilfe kann Mertus herausragende Leistungen f\u00fcr Freelancer und Freiberufler anbieten, die einen echten Unterschied machen.\u00a0<\/span><span style=\"background-color: var(--cariera-body-wrapper); color: var( --e-global-color-text ); font-family: var( --e-global-typography-text-font-family ), Sans-serif; font-weight: var( --e-global-typography-text-font-weight ); letter-spacing: 0px;\">Unsere Partner sind Experten in ihrem Feld und bieten L\u00f6sungen und Services f\u00fcr Freelancer und Freiberufler an, die wir aus eigener Erfahrung empfehlen k\u00f6nnen.<\/span><\/p>\t\t\t\t\t\t<\/div>\n\t\t\t\t<\/div>\n\t\t\t\t<div class=\"elementor-element elementor-element-6d01849 elementor--h-position-center elementor--v-position-middle elementor-arrows-position-inside elementor-pagination-position-inside elementor-widget elementor-widget-slides\" data-id=\"6d01849\" data-element_type=\"widget\" data-settings=\"{&quot;navigation&quot;:&quot;both&quot;,&quot;autoplay&quot;:&quot;yes&quot;,&quot;pause_on_hover&quot;:&quot;yes&quot;,&quot;pause_on_interaction&quot;:&quot;yes&quot;,&quot;autoplay_speed&quot;:5000,&quot;infinite&quot;:&quot;yes&quot;,&quot;transition&quot;:&quot;slide&quot;,&quot;transition_speed&quot;:500}\" data-widget_type=\"slides.default\">\n\t\t\t\t<div class=\"elementor-widget-container\">\n\t\t\t\t\t<div class=\"elementor-swiper\">\n\t\t\t<div class=\"elementor-slides-wrapper elementor-main-swiper swiper-container\" dir=\"ltr\" data-animation=\"fadeInDown\">\n\t\t\t\t<div class=\"swiper-wrapper elementor-slides\">\n\t\t\t\t\t<div class=\"elementor-repeater-item-a26287d swiper-slide\"><div class=\"swiper-slide-bg elementor-ken-burns elementor-ken-burns--in\"><\/div><div class=\"elementor-background-overlay\"><\/div><a class=\"swiper-slide-inner\" href=\"https:\/\/mertus-consulting.com\/versicherung\/\" target=\"_blank\"><div class=\"swiper-slide-contents\"><div class=\"elementor-slide-heading\">Versicherung f\u00fcr Freelancer<\/div><div class=\"elementor-slide-description\">Der Mertus Kooperationspartner Exali.de bietet Berufshaftpflicht-Konzepte f\u00fcr Dienstleister und freie Berufe. Ein besonderer Fokus steht auf Versicherungsl\u00f6sungen f\u00fcr Freelancer im IT-, Kreativ- und Consulting-Bereich.\n\u00dcber den Rabatt-Code \"mertus10\" erh\u00e4ltst du einen Sonderrabatt auf die Versicherungspr\u00e4mie im ersten Jahr.<\/div><div  class=\"elementor-button elementor-slide-button elementor-size-sm\">Hier klicken<\/div><\/div><\/a><\/div><div class=\"elementor-repeater-item-614d989 swiper-slide\"><div class=\"swiper-slide-bg\"><\/div><div class=\"elementor-background-overlay\"><\/div><a class=\"swiper-slide-inner\" href=\"https:\/\/kontist.com\/landing\/mertus-premium\/?utm_source=mertus-banking&#038;utm_medium=marketing_partnerships&#038;utm_campaign=conv_link_all_mpw_behavioural_de_deutsch_mertus-banking&#038;utm_content=20220130\" target=\"_blank\"><div class=\"swiper-slide-contents\"><div class=\"elementor-slide-heading\">Banking f\u00fcr Freelancer<\/div><div class=\"elementor-slide-description\">Mit der mobilen L\u00f6sung von Kontist als Freelancer dein Banking, die Liquidit\u00e4tsplanung und steuerliche Angelegenheiten im Blick behalten. Ein Service der spezifisch f\u00fcr Freelancer entwickelt wurde. Mit dem Rabattcode \"mertus50\" gibt es 50% Rabatt.<\/div><div  class=\"elementor-button elementor-slide-button elementor-size-sm\">Hier klicken<\/div><\/div><\/a><\/div><div class=\"elementor-repeater-item-614e002 swiper-slide\"><div class=\"swiper-slide-bg\"><\/div><div class=\"elementor-background-overlay\"><\/div><a class=\"swiper-slide-inner\" href=\"https:\/\/www.lexoffice.de\/mertus\/\" target=\"_blank\"><div class=\"swiper-slide-contents\"><div class=\"elementor-slide-heading\">Abrechnung & Buchhaltung als Freelancer<\/div><div class=\"elementor-slide-description\">Mit lexoffice kannst du Rechnungen schreiben, deine Buchhaltung automatisieren, dein Konto direkt verkn\u00fcpfen und sogar mit dem Finanzamt Daten austauschen. Wir bei Mertus sind selbst zufriedener Kunde von lexoffice und k\u00f6nnen diesen Service absolut empfehlen. \u00dcber Mertus erh\u00e4ltst du au\u00dferdem noch 20% Sonderrabatt auf die Geb\u00fchren der ersten 12 Monate. Folge dazu einfach dem Link.<\/div><div  class=\"elementor-button elementor-slide-button elementor-size-sm\">Hier klicken<\/div><\/div><\/a><\/div><div class=\"elementor-repeater-item-97a8eeb swiper-slide\"><div class=\"swiper-slide-bg\"><\/div><div class=\"elementor-background-overlay\"><\/div><a class=\"swiper-slide-inner\" href=\"https:\/\/www.getcaya.com\/partner\/mertus\" target=\"_blank\"><div class=\"swiper-slide-contents\"><div class=\"elementor-slide-heading\">Paperless Office<\/div><div class=\"elementor-slide-description\">Nachhaltigkeit & Effizienz in einer L\u00f6sung. Mit dem Mertus Kooperationspartner CAYA l\u00e4sst sich endlich das papierlose B\u00fcro verwirklichen. Deine Post geht direkt an CAYA, wird digitalisiert und in deinem digitalen  Briefkasten zur Verf\u00fcgung gestellt.\n\u00dcber Mertus erh\u00e4ltst du einen 10% Sonderrabatt auf alle CAYA Tarife.<\/div><div  class=\"elementor-button elementor-slide-button elementor-size-sm\">Hier klicken<\/div><\/div><\/a><\/div><div class=\"elementor-repeater-item-4bb0787 swiper-slide\"><div class=\"swiper-slide-bg\"><\/div><div class=\"elementor-background-overlay\"><\/div><div class=\"swiper-slide-inner\" ><div class=\"swiper-slide-contents\"><div class=\"elementor-slide-heading\">Steuerservice f\u00fcr Freelancer<\/div><div class=\"elementor-slide-description\">Mit dem Kontist Steuerservice k\u00f6nnen Freelancer ihre steuerlichen Angelegenheiten digitalisieren. Ein Steuerservice der spezifisch f\u00fcr Freelancer entwickelt wurde, komplett digital und mit dem Mertus Rabattcode 20% g\u00fcnstiger.<\/div><a href=\"https:\/\/kontist.com\/landing\/mertus-steuerservice\/?utm_source=mertus&#038;utm_medium=marketing_partnerships&#038;utm_campaign=conv_link_all_mpw_behavioural_de_deutsch_mertus&#038;utm_content=20220130\" target=\"_blank\" class=\"elementor-button elementor-slide-button elementor-size-sm\">Hier klicken<\/a><\/div><\/div><\/div><div class=\"elementor-repeater-item-0ced5c7 swiper-slide\"><div class=\"swiper-slide-bg\"><\/div><div class=\"elementor-background-overlay\"><\/div><a class=\"swiper-slide-inner\" href=\"https:\/\/www.talent-advisory.com\/#Contactme\" target=\"_blank\"><div class=\"swiper-slide-contents\"><div class=\"elementor-slide-heading\">Profiloptimierung f\u00fcr Freelancer<\/div><div class=\"elementor-slide-description\">Andreas Wenzel ist Freelance Talent Attraction & Talent Marketing Advisor mit Spezialisierung im Bereich IT. Er ber\u00e4t dazu, wie man sein Profil als Freelancer optimieren und damit seine Chancen in der Projektakquise maximieren kann. \u00dcber Mertus erh\u00e4ltst du bei einer Beratung durch Andreas Wenzel eine englische \u00dcbersetzung deines Freelancer Profils kostenlos dazu.. Gib dazu bei der Buchung der Beratung einfach den Code \"Mertus\" an.<\/div><div  class=\"elementor-button elementor-slide-button elementor-size-sm\">Hier klicken<\/div><\/div><\/a><\/div>\t\t\t\t<\/div>\n\t\t\t\t\t\t\t\t\t\t\t\t\t\t\t<div class=\"swiper-pagination\"><\/div>\n\t\t\t\t\t\t\t\t\t\t\t\t\t\t\t\t<div class=\"elementor-swiper-button elementor-swiper-button-prev\">\n\t\t\t\t\t\t\t<i class=\"eicon-chevron-left\" aria-hidden=\"true\"><\/i>\n\t\t\t\t\t\t\t<span class=\"elementor-screen-only\">Previous<\/span>\n\t\t\t\t\t\t<\/div>\n\t\t\t\t\t\t<div class=\"elementor-swiper-button elementor-swiper-button-next\">\n\t\t\t\t\t\t\t<i class=\"eicon-chevron-right\" aria-hidden=\"true\"><\/i>\n\t\t\t\t\t\t\t<span class=\"elementor-screen-only\">Next<\/span>\n\t\t\t\t\t\t<\/div>\n\t\t\t\t\t\t\t\t\t\t\t\t<\/div>\n\t\t<\/div>\n\t\t\t\t<\/div>\n\t\t\t\t<\/div>\n\t\t\t\t\t<\/div>\n\t\t<\/div>\n\t\t\t\t\t\t\t<\/div>\n\t\t<\/section>\n\t\t\t\t<section class=\"elementor-section elementor-top-section elementor-element elementor-element-8b85073 elementor-section-boxed elementor-section-height-default elementor-section-height-default\" data-id=\"8b85073\" data-element_type=\"section\">\n\t\t\t\t\t\t<div class=\"elementor-container elementor-column-gap-default\">\n\t\t\t\t\t<div class=\"elementor-column elementor-col-100 elementor-top-column elementor-element elementor-element-3bddc64\" data-id=\"3bddc64\" data-element_type=\"column\">\n\t\t\t<div class=\"elementor-widget-wrap elementor-element-populated\">\n\t\t\t\t\t\t\t\t<div class=\"elementor-element elementor-element-f964661 elementor-widget elementor-widget-spacer\" data-id=\"f964661\" data-element_type=\"widget\" data-widget_type=\"spacer.default\">\n\t\t\t\t<div class=\"elementor-widget-container\">\n\t\t\t\t\t<div class=\"elementor-spacer\">\n\t\t\t<div class=\"elementor-spacer-inner\"><\/div>\n\t\t<\/div>\n\t\t\t\t<\/div>\n\t\t\t\t<\/div>\n\t\t\t\t<div class=\"elementor-element elementor-element-a5e1f9a elementor-widget elementor-widget-heading\" data-id=\"a5e1f9a\" data-element_type=\"widget\" data-widget_type=\"heading.default\">\n\t\t\t\t<div class=\"elementor-widget-container\">\n\t\t\t<h1 class=\"elementor-heading-title elementor-size-default\">Partner von Mertus werden<\/h1>\t\t<\/div>\n\t\t\t\t<\/div>\n\t\t\t\t<div class=\"elementor-element elementor-element-f03c595 elementor-widget-divider--view-line elementor-widget elementor-widget-divider\" data-id=\"f03c595\" data-element_type=\"widget\" data-widget_type=\"divider.default\">\n\t\t\t\t<div class=\"elementor-widget-container\">\n\t\t\t\t\t<div class=\"elementor-divider\">\n\t\t\t<span class=\"elementor-divider-separator\">\n\t\t\t\t\t\t<\/span>\n\t\t<\/div>\n\t\t\t\t<\/div>\n\t\t\t\t<\/div>\n\t\t\t\t<div class=\"elementor-element elementor-element-628e9a5 elementor-widget elementor-widget-text-editor\" data-id=\"628e9a5\" data-element_type=\"widget\" data-widget_type=\"text-editor.default\">\n\t\t\t\t<div class=\"elementor-widget-container\">\n\t\t\t\t\t\t\t\t<p>Sie haben eine Idee f\u00fcr eine Kooperation mit Mertus? Dann nehmen Sie gerne Kontakt zu uns auf. Wir freuen uns \u00fcber jeden Austausch und kreative Ideen.<\/p>\t\t\t\t\t\t<\/div>\n\t\t\t\t<\/div>\n\t\t\t\t<div class=\"elementor-element elementor-element-d86a5e8 elementor-button-align-stretch elementor-widget elementor-widget-form\" data-id=\"d86a5e8\" data-element_type=\"widget\" data-settings=\"{&quot;step_next_label&quot;:&quot;Next&quot;,&quot;step_previous_label&quot;:&quot;Previous&quot;,&quot;button_width&quot;:&quot;100&quot;,&quot;step_type&quot;:&quot;number_text&quot;,&quot;step_icon_shape&quot;:&quot;circle&quot;}\" data-widget_type=\"form.default\">\n\t\t\t\t<div class=\"elementor-widget-container\">\n\t\t\t\t\t<form class=\"elementor-form\" method=\"post\" name=\"Kooperationsanfrage\">\n\t\t\t<input type=\"hidden\" name=\"post_id\" value=\"13939\"\/>\n\t\t\t<input type=\"hidden\" name=\"form_id\" value=\"d86a5e8\"\/>\n\t\t\t<input type=\"hidden\" name=\"referer_title\" value=\"Mertus\" \/>\n\n\t\t\t\n\t\t\t<div class=\"elementor-form-fields-wrapper elementor-labels-above\">\n\t\t\t\t\t\t\t\t<div class=\"elementor-field-type-text elementor-field-group elementor-column elementor-field-group-field_926fb86 elementor-col-100\">\n\t\t\t\t\t<label for=\"form-field-field_926fb86\" class=\"elementor-field-label\">Firma<\/label><input size=\"1\" type=\"text\" name=\"form_fields[field_926fb86]\" id=\"form-field-field_926fb86\" class=\"elementor-field elementor-size-sm  elementor-field-textual\" placeholder=\"Muster GmbH &amp; Co. KG\">\t\t\t\t<\/div>\n\t\t\t\t\t\t\t\t<div class=\"elementor-field-type-text elementor-field-group elementor-column elementor-field-group-field_57f161d elementor-col-50 elementor-field-required elementor-mark-required\">\n\t\t\t\t\t<label for=\"form-field-field_57f161d\" class=\"elementor-field-label\">Vorname<\/label><input size=\"1\" type=\"text\" name=\"form_fields[field_57f161d]\" id=\"form-field-field_57f161d\" class=\"elementor-field elementor-size-sm  elementor-field-textual\" placeholder=\"Vorname\" required=\"required\" aria-required=\"true\">\t\t\t\t<\/div>\n\t\t\t\t\t\t\t\t<div class=\"elementor-field-type-text elementor-field-group elementor-column elementor-field-group-name elementor-col-50 elementor-field-required elementor-mark-required\">\n\t\t\t\t\t<label for=\"form-field-name\" class=\"elementor-field-label\">Nachname<\/label><input size=\"1\" type=\"text\" name=\"form_fields[name]\" id=\"form-field-name\" class=\"elementor-field elementor-size-sm  elementor-field-textual\" placeholder=\"Nachname\" required=\"required\" aria-required=\"true\">\t\t\t\t<\/div>\n\t\t\t\t\t\t\t\t<div class=\"elementor-field-type-email elementor-field-group elementor-column elementor-field-group-email elementor-col-50 elementor-field-required elementor-mark-required\">\n\t\t\t\t\t<label for=\"form-field-email\" class=\"elementor-field-label\">E-Mail<\/label><input size=\"1\" type=\"email\" name=\"form_fields[email]\" id=\"form-field-email\" class=\"elementor-field elementor-size-sm  elementor-field-textual\" placeholder=\"E-Mail\" required=\"required\" aria-required=\"true\">\t\t\t\t<\/div>\n\t\t\t\t\t\t\t\t<div class=\"elementor-field-type-text elementor-field-group elementor-column elementor-field-group-field_620eeee elementor-col-50\">\n\t\t\t\t\t<label for=\"form-field-field_620eeee\" class=\"elementor-field-label\">Telefonnummer<\/label><input size=\"1\" type=\"text\" name=\"form_fields[field_620eeee]\" id=\"form-field-field_620eeee\" class=\"elementor-field elementor-size-sm  elementor-field-textual\" placeholder=\"+49 172 1234567\">\t\t\t\t<\/div>\n\t\t\t\t\t\t\t\t<div class=\"elementor-field-type-textarea elementor-field-group elementor-column elementor-field-group-field_6bf779c elementor-col-100\">\n\t\t\t\t\t<label for=\"form-field-field_6bf779c\" class=\"elementor-field-label\">Ihre Idee<\/label><textarea class=\"elementor-field-textual elementor-field  elementor-size-sm\" name=\"form_fields[field_6bf779c]\" id=\"form-field-field_6bf779c\" rows=\"4\" placeholder=\"Erz\u00e4hlen Sie uns gerne von Ihrer Idee f\u00fcr eine Kooperation. Wir melden uns so schnell wie m\u00f6glich bei Ihnen zur\u00fcck.\"><\/textarea>\t\t\t\t<\/div>\n\t\t\t\t\t\t\t\t<div class=\"elementor-field-type-acceptance elementor-field-group elementor-column elementor-field-group-field_4eff158 elementor-col-100 elementor-field-required elementor-mark-required\">\n\t\t\t\t\t<label for=\"form-field-field_4eff158\" class=\"elementor-field-label\">Datenschutz<\/label><div class=\"elementor-field-subgroup\"><span class=\"elementor-field-option\"><input type=\"checkbox\" name=\"form_fields[field_4eff158]\" id=\"form-field-field_4eff158\" class=\"elementor-field elementor-size-sm  elementor-acceptance-field\" required=\"required\" aria-required=\"true\"> <label for=\"form-field-field_4eff158\">Ich habe die <a href=\"https:\/\/mertus-consulting.com\/datenschutz\/\" target=\"_blank\">Datenschutzerkl\u00e4rung<\/a> gelesen und stimme der Datenverarbeitung zu.<\/label><\/span><\/div>\t\t\t\t<\/div>\n\t\t\t\t\t\t\t\t<div class=\"elementor-field-group elementor-column elementor-field-type-submit elementor-col-100 e-form__buttons\">\n\t\t\t\t\t<button type=\"submit\" class=\"elementor-button elementor-size-md\">\n\t\t\t\t\t\t<span >\n\t\t\t\t\t\t\t\t\t\t\t\t\t\t\t<span class=\"elementor-align-icon-left elementor-button-icon\">\n\t\t\t\t\t\t\t\t\t<i aria-hidden=\"true\" class=\"fas fa-paper-plane\"><\/i>\t\t\t\t\t\t\t\t\t\t\t\t\t\t\t\t\t<\/span>\n\t\t\t\t\t\t\t\t\t\t\t\t\t\t\t\t\t\t\t\t\t\t<span class=\"elementor-button-text\">Kooperationsanfrage senden <\/span>\n\t\t\t\t\t\t\t\t\t\t\t\t\t<\/span>\n\t\t\t\t\t<\/button>\n\t\t\t\t<\/div>\n\t\t\t<\/div>\n\t\t<\/form>\n\t\t\t\t<\/div>\n\t\t\t\t<\/div>\n\t\t\t\t\t<\/div>\n\t\t<\/div>\n\t\t\t\t\t\t\t<\/div>\n\t\t<\/section>\n\t\t\t\t\t\t<\/div>\n\t\t\t\t\t<\/div>\n\t\t","protected":false},"excerpt":{"rendered":"","protected":false},"author":1,"featured_media":0,"parent":0,"menu_order":0,"comment_status":"closed","ping_status":"closed","template":"","meta":{"footnotes":""},"class_list":["post-13939","page","type-page","status-publish","hentry"],"yoast_head":"<!-- This site is optimized with the Yoast SEO plugin v27.4 - https:\/\/yoast.com\/product\/yoast-seo-wordpress\/ -->\n<title>Partner - Mertus<\/title>\n<meta name=\"robots\" content=\"index, follow, max-snippet:-1, max-image-preview:large, max-video-preview:-1\" \/>\n<link rel=\"canonical\" href=\"https:\/\/mertus-consulting.com\/en\/partner\/\" \/>\n<meta property=\"og:locale\" content=\"en_US\" \/>\n<meta property=\"og:type\" content=\"article\" \/>\n<meta property=\"og:title\" content=\"Partner - Mertus\" \/>\n<meta property=\"og:url\" content=\"https:\/\/mertus-consulting.com\/en\/partner\/\" \/>\n<meta property=\"og:site_name\" content=\"Mertus\" \/>\n<meta name=\"twitter:card\" content=\"summary_large_image\" \/>\n<!-- \/ Yoast SEO plugin. -->","yoast_head_json":{"title":"Partner - Mertus","robots":{"index":"index","follow":"follow","max-snippet":"max-snippet:-1","max-image-preview":"max-image-preview:large","max-video-preview":"max-video-preview:-1"},"canonical":"https:\/\/mertus-consulting.com\/en\/partner\/","og_locale":"en_US","og_type":"article","og_title":"Partner - Mertus","og_url":"https:\/\/mertus-consulting.com\/en\/partner\/","og_site_name":"Mertus","twitter_card":"summary_large_image","schema":{"@context":"https:\/\/schema.org","@graph":[{"@type":"WebPage","@id":"https:\/\/mertus-consulting.com\/en\/partner\/","url":"https:\/\/mertus-consulting.com\/en\/partner\/","name":"Partner - Mertus","isPartOf":{"@id":"https:\/\/mertus-consulting.com\/en\/#website"},"datePublished":"2023-06-21T18:05:41+00:00","breadcrumb":{"@id":"https:\/\/mertus-consulting.com\/en\/partner\/#breadcrumb"},"inLanguage":"en-US","potentialAction":[{"@type":"ReadAction","target":["https:\/\/mertus-consulting.com\/en\/partner\/"]}]},{"@type":"BreadcrumbList","@id":"https:\/\/mertus-consulting.com\/en\/partner\/#breadcrumb","itemListElement":[{"@type":"ListItem","position":1,"name":"Startseite","item":"https:\/\/mertus-consulting.com\/en\/"},{"@type":"ListItem","position":2,"name":"Partner"}]},{"@type":"WebSite","@id":"https:\/\/mertus-consulting.com\/en\/#website","url":"https:\/\/mertus-consulting.com\/en\/","name":"Mertus","description":"IT Experts on Point.","publisher":{"@id":"https:\/\/mertus-consulting.com\/en\/#organization"},"potentialAction":[{"@type":"SearchAction","target":{"@type":"EntryPoint","urlTemplate":"https:\/\/mertus-consulting.com\/en\/?s={search_term_string}"},"query-input":{"@type":"PropertyValueSpecification","valueRequired":true,"valueName":"search_term_string"}}],"inLanguage":"en-US"},{"@type":"Organization","@id":"https:\/\/mertus-consulting.com\/en\/#organization","name":"Mertus Consulting UG (haftungsbeschr\u00e4nkt)","url":"https:\/\/mertus-consulting.com\/en\/","logo":{"@type":"ImageObject","inLanguage":"en-US","@id":"https:\/\/mertus-consulting.com\/en\/#\/schema\/logo\/image\/","url":"https:\/\/mertus-consulting.com\/wp-content\/uploads\/2021\/08\/ms-icon-310x310-1.png","contentUrl":"https:\/\/mertus-consulting.com\/wp-content\/uploads\/2021\/08\/ms-icon-310x310-1.png","width":310,"height":310,"caption":"Mertus Consulting UG (haftungsbeschr\u00e4nkt)"},"image":{"@id":"https:\/\/mertus-consulting.com\/en\/#\/schema\/logo\/image\/"},"sameAs":["https:\/\/www.linkedin.com\/company\/mertus"]}]}},"_links":{"self":[{"href":"https:\/\/mertus-consulting.com\/en\/wp-json\/wp\/v2\/pages\/13939","targetHints":{"allow":["GET"]}}],"collection":[{"href":"https:\/\/mertus-consulting.com\/en\/wp-json\/wp\/v2\/pages"}],"about":[{"href":"https:\/\/mertus-consulting.com\/en\/wp-json\/wp\/v2\/types\/page"}],"author":[{"embeddable":true,"href":"https:\/\/mertus-consulting.com\/en\/wp-json\/wp\/v2\/users\/1"}],"replies":[{"embeddable":true,"href":"https:\/\/mertus-consulting.com\/en\/wp-json\/wp\/v2\/comments?post=13939"}],"version-history":[{"count":1,"href":"https:\/\/mertus-consulting.com\/en\/wp-json\/wp\/v2\/pages\/13939\/revisions"}],"predecessor-version":[{"id":13940,"href":"https:\/\/mertus-consulting.com\/en\/wp-json\/wp\/v2\/pages\/13939\/revisions\/13940"}],"wp:attachment":[{"href":"https:\/\/mertus-consulting.com\/en\/wp-json\/wp\/v2\/media?parent=13939"}],"curies":[{"name":"wp","href":"https:\/\/api.w.org\/{rel}","templated":true}]}}